{"id":17391,"date":"2024-07-17T01:33:34","date_gmt":"2024-07-17T01:33:34","guid":{"rendered":"https:\/\/centam.ardecom.com\/?page_id=17391"},"modified":"2026-03-25T15:17:29","modified_gmt":"2026-03-25T15:17:29","slug":"dyslexia","status":"publish","type":"page","link":"https:\/\/centam.ca\/en\/learning-disability\/dyslexia\/","title":{"rendered":"Dyslexia"},"content":{"rendered":"\t\t<div data-elementor-type=\"wp-page\" data-elementor-id=\"17391\" class=\"elementor elementor-17391 elementor-16095\" data-elementor-post-type=\"page\">\n\t\t\t\t<div class=\"elementor-element elementor-element-03a40a2 e-con-full e-flex e-con e-parent\" data-id=\"03a40a2\" data-element_type=\"container\">\n\t\t\t\t<div class=\"elementor-element elementor-element-114bb31 elementor-widget elementor-widget-template\" data-id=\"114bb31\" data-element_type=\"widget\" data-widget_type=\"template.default\">\n\t\t\t\t<div class=\"elementor-widget-container\">\n\t\t\t\t\t\t\t<div class=\"elementor-template\">\n\t\t\t\t\t<div data-elementor-type=\"container\" data-elementor-id=\"14803\" class=\"elementor elementor-14803\" data-elementor-post-type=\"elementor_library\">\n\t\t\t\t<div class=\"elementor-element elementor-element-6a0e6c37 e-con-full e-flex e-con e-parent\" data-id=\"6a0e6c37\" data-element_type=\"container\" data-settings=\"{&quot;background_background&quot;:&quot;gradient&quot;}\">\n\t\t<div class=\"elementor-element elementor-element-1f9f129c e-grid e-con-boxed e-con e-child\" data-id=\"1f9f129c\" data-element_type=\"container\">\n\t\t\t\t\t<div class=\"e-con-inner\">\n\t\t\t\t<div class=\"elementor-element elementor-element-67d11c39 elementor-widget elementor-widget-heading\" data-id=\"67d11c39\" data-element_type=\"widget\" data-widget_type=\"heading.default\">\n\t\t\t\t<div class=\"elementor-widget-container\">\n\t\t\t\t\t<h1 class=\"elementor-heading-title elementor-size-default\">Dyslexia<\/h1>\t\t\t\t<\/div>\n\t\t\t\t<\/div>\n\t\t\t\t<div class=\"elementor-element elementor-element-20a4ba12 elementor-widget-divider--view-line elementor-widget elementor-widget-divider\" data-id=\"20a4ba12\" data-element_type=\"widget\" data-widget_type=\"divider.default\">\n\t\t\t\t<div class=\"elementor-widget-container\">\n\t\t\t\t\t\t\t<div class=\"elementor-divider\">\n\t\t\t<span class=\"elementor-divider-separator\">\n\t\t\t\t\t\t<\/span>\n\t\t<\/div>\n\t\t\t\t\t\t<\/div>\n\t\t\t\t<\/div>\n\t\t\t\t<div class=\"elementor-element elementor-element-2cecb002 elementor-widget elementor-widget-text-editor\" data-id=\"2cecb002\" data-element_type=\"widget\" data-widget_type=\"text-editor.default\">\n\t\t\t\t<div class=\"elementor-widget-container\">\n\t\t\t\t\t\t\t\t\tDyslexia is a specific reading disorder affecting 8\u201312% of the population. \t\t\t\t\t\t\t\t<\/div>\n\t\t\t\t<\/div>\n\t\t\t\t\t<\/div>\n\t\t\t\t<\/div>\n\t\t\t\t<\/div>\n\t\t\t\t<\/div>\n\t\t\t\t<\/div>\n\t\t\t\t\t\t<\/div>\n\t\t\t\t<\/div>\n\t\t\t\t<\/div>\n\t\t<div class=\"elementor-element elementor-element-6a5e0a9 e-flex e-con-boxed e-con e-parent\" data-id=\"6a5e0a9\" data-element_type=\"container\">\n\t\t\t\t\t<div class=\"e-con-inner\">\n\t\t\t\t<div class=\"elementor-element elementor-element-fdf0418 elementor-toc--minimized-on-tablet elementor-widget elementor-widget-table-of-contents\" data-id=\"fdf0418\" data-element_type=\"widget\" data-settings=\"{&quot;exclude_headings_by_selector&quot;:[],&quot;headings_by_tags&quot;:[&quot;h2&quot;,&quot;h3&quot;,&quot;h4&quot;,&quot;h5&quot;,&quot;h6&quot;],&quot;marker_view&quot;:&quot;numbers&quot;,&quot;no_headings_message&quot;:&quot;No headings were found on this page.&quot;,&quot;minimize_box&quot;:&quot;yes&quot;,&quot;minimized_on&quot;:&quot;tablet&quot;,&quot;hierarchical_view&quot;:&quot;yes&quot;,&quot;min_height&quot;:{&quot;unit&quot;:&quot;px&quot;,&quot;size&quot;:&quot;&quot;,&quot;sizes&quot;:[]},&quot;min_height_tablet&quot;:{&quot;unit&quot;:&quot;px&quot;,&quot;size&quot;:&quot;&quot;,&quot;sizes&quot;:[]},&quot;min_height_mobile&quot;:{&quot;unit&quot;:&quot;px&quot;,&quot;size&quot;:&quot;&quot;,&quot;sizes&quot;:[]}}\" data-widget_type=\"table-of-contents.default\">\n\t\t\t\t<div class=\"elementor-widget-container\">\n\t\t\t\t\t\t\t\t\t<div class=\"elementor-toc__header\">\n\t\t\t\t\t\t<h4 class=\"elementor-toc__header-title\">\n\t\t\t\tTable of contents\t\t\t<\/h4>\n\t\t\t\t\t\t\t\t\t\t<div class=\"elementor-toc__toggle-button elementor-toc__toggle-button--expand\" role=\"button\" tabindex=\"0\" aria-controls=\"elementor-toc__fdf0418\" aria-expanded=\"true\" aria-label=\"Open table of contents\"><svg aria-hidden=\"true\" class=\"e-font-icon-svg e-fas-chevron-down\" viewBox=\"0 0 448 512\" xmlns=\"http:\/\/www.w3.org\/2000\/svg\"><path d=\"M207.029 381.476L12.686 187.132c-9.373-9.373-9.373-24.569 0-33.941l22.667-22.667c9.357-9.357 24.522-9.375 33.901-.04L224 284.505l154.745-154.021c9.379-9.335 24.544-9.317 33.901.04l22.667 22.667c9.373 9.373 9.373 24.569 0 33.941L240.971 381.476c-9.373 9.372-24.569 9.372-33.942 0z\"><\/path><\/svg><\/div>\n\t\t\t\t<div class=\"elementor-toc__toggle-button elementor-toc__toggle-button--collapse\" role=\"button\" tabindex=\"0\" aria-controls=\"elementor-toc__fdf0418\" aria-expanded=\"true\" aria-label=\"Close table of contents\"><svg aria-hidden=\"true\" class=\"e-font-icon-svg e-fas-chevron-up\" viewBox=\"0 0 448 512\" xmlns=\"http:\/\/www.w3.org\/2000\/svg\"><path d=\"M240.971 130.524l194.343 194.343c9.373 9.373 9.373 24.569 0 33.941l-22.667 22.667c-9.357 9.357-24.522 9.375-33.901.04L224 227.495 69.255 381.516c-9.379 9.335-24.544 9.317-33.901-.04l-22.667-22.667c-9.373-9.373-9.373-24.569 0-33.941L207.03 130.525c9.372-9.373 24.568-9.373 33.941-.001z\"><\/path><\/svg><\/div>\n\t\t\t\t\t<\/div>\n\t\t\t\t<div id=\"elementor-toc__fdf0418\" class=\"elementor-toc__body\">\n\t\t\t<div class=\"elementor-toc__spinner-container\">\n\t\t\t\t<svg class=\"elementor-toc__spinner eicon-animation-spin e-font-icon-svg e-eicon-loading\" aria-hidden=\"true\" viewBox=\"0 0 1000 1000\" xmlns=\"http:\/\/www.w3.org\/2000\/svg\"><path d=\"M500 975V858C696 858 858 696 858 500S696 142 500 142 142 304 142 500H25C25 237 238 25 500 25S975 237 975 500 763 975 500 975Z\"><\/path><\/svg>\t\t\t<\/div>\n\t\t<\/div>\n\t\t\t\t\t\t<\/div>\n\t\t\t\t<\/div>\n\t\t\t\t<div class=\"elementor-element elementor-element-e27c28a elementor-widget elementor-widget-text-editor\" data-id=\"e27c28a\" data-element_type=\"widget\" data-widget_type=\"text-editor.default\">\n\t\t\t\t<div class=\"elementor-widget-container\">\n\t\t\t\t\t\t\t\t\t<h2>Dyslexia: A Specific Learning Disorder in Reading<\/h2><h3>What is Dyslexia?<\/h3><p>Dyslexia is a specific reading disorder affecting 8\u201312% of the population. It has a neurological origin and a genetic cause. Because dyslexia is a permanent condition that can have a devastating impact on academic performance, it is one of the leading causes of learning disorders. The most significant manifestation of dyslexia is a lack of reading fluency. Two main factors disrupt reading fluency: accuracy and speed. Thus, dyslexia is characterized by imprecise or slow reading.<\/p><h3>What are the Diagnostic Criteria for Identifying Dyslexia?<\/h3><p>The criteria for identifying specific reading disorders (commonly referred to as dyslexia) have been established by the American Psychiatric Association (APA) and published in the DSM-5-TR diagnostic manual. The APA comprises a group of experts (researchers and clinicians) who rely on scientific evidence to develop precise diagnostic criteria. These criteria are internationally recognized by legal, scientific, and medical authorities. (European scientific and clinical communities use similar diagnostic criteria published in the ICD-11.)<\/p><p>The criterion for diagnosing dyslexia is a gap of at least two years between intellectual performance and reading skills (accuracy or speed) that significantly interferes with academic success and daily activities requiring reading. This specific reading disorder cannot be explained by:<br \/>a) intellectual disability,<br \/>b) psycho-emotional disorders,<br \/>c) sensory deficits (vision or hearing),<br \/>d) lack of educational opportunities, or<br \/>e) lack of motivation and interest.<\/p><p>Therefore, diagnosing dyslexia requires a comprehensive analysis of the overall profile of the child or adult, including academic history, intellectual assessment, and psycho-emotional profile. Only neuropsychologists or psychologists specializing in learning disorders are qualified to conduct this comprehensive evaluation. These specialists have the necessary expertise to assess intellectual abilities, emotional and psychological disorders, and academic skills, including reading.<\/p><h3>The Cause of Dyslexia<\/h3><p>Although the exact cause of dyslexia remains unknown, several studies suggest it is hereditary, with links to chromosomes 2, 3, 6, 15, and 18. This genetic connection is widely recognized in the scientific and clinical communities.<\/p><p>Research over the past decade indicates that dyslexia stems from a neurological impairment. Brain imaging studies, which capture the brain in action, show that individuals with dyslexia do not use the same brain regions for reading as those without reading disorders. Moreover, in individuals with dyslexia, the brain areas typically involved in reading are underactivated.<\/p><h3>What are the Manifestations of Dyslexia in Children?<\/h3><p>The impact of dyslexia varies from person to person, depending on its severity and type. In children, dyslexia results in reading that is very difficult and disorganized, often significantly disrupting or even preventing text comprehension. The following factors frequently characterize the reading of children with dyslexia:<\/p><ul><li>Reading is very slow.<\/li><li>Reading is hesitant (transforming letters into sounds or breaking words into syllables can feel insurmountable).<\/li><li>Words with less frequent usage are read even more slowly and in a highly segmented way.<\/li><li>Irregular words (e.g., &#8220;knight&#8221; or &#8220;thought&#8221;) are not read accurately.<\/li><li>Sounds are altered.<\/li><li>Words are guessed based on their visual appearance (e.g., reading \u201cnever\u201d instead of \u201cfever\u201d).<\/li><\/ul><h3>What are the Manifestations of Dyslexia in Adults?<\/h3><p>Some of these difficulties persist into adulthood. If reading has been diligently practiced during childhood and adolescence, adults may achieve greater reading accuracy. However, despite improved accuracy, reading remains hindered by significant slowness and lack of fluency. Reading never becomes fully automatic, meaning dyslexic readers may be two to three times slower than non-dyslexic readers. For instance, a dyslexic student may need 6\u20138 hours to read what their peers can finish in 3 hours. This can be not only discouraging but also exhausting. Because reading is not automated, it demands much more effort from the reader. As a result, individuals with dyslexia are often fatigued after just one hour of reading.<\/p><p><strong>Associated Difficulties Include:<\/strong><\/p><ul><li>Short-term verbal memory deficits.<\/li><li>Short-term non-verbal memory deficits.<\/li><li>Attention deficit (co-occurs in 30\u201350% of dyslexic individuals).<\/li><li>Dysorthographia (difficulty acquiring spelling skills).<\/li><li>Executive function impairments (e.g., planning and organization).<\/li><li>Arithmetic difficulties.<\/li><\/ul><p>Given the significant individual differences, dyslexia interventions may require varied approaches. If dyslexia is suspected in a child or adult, a comprehensive evaluation can clarify the nature of the dyslexia and identify associated neuropsychological disorders. This, in turn, enables the development of appropriate intervention strategies.<\/p><p>While dyslexia is a lifelong condition, research shows that individuals with dyslexia can benefit from evidence-based remediation programs when rigorously applied.<\/p><h3>Accommodations and Support<\/h3><p>Increasingly, tools are being developed to address the challenges associated with dyslexia. Neuropsychological evaluations can also identify accommodations that schools can implement as part of an adapted intervention plan (e.g., classroom and exam accommodations) to help dyslexic individuals overcome learning barriers.<\/p><p>\u00a0<\/p>\t\t\t\t\t\t\t\t<\/div>\n\t\t\t\t<\/div>\n\t\t\t\t\t<\/div>\n\t\t\t\t<\/div>\n\t\t\t\t<\/div>\n\t\t","protected":false},"excerpt":{"rendered":"<p>Table of contents &nbsp; Dyslexia: A Specific Learning Disorder in Reading What is Dyslexia? Dyslexia is a specific reading disorder affecting 8\u201312% of the population. It has a neurological origin and a genetic cause. Because dyslexia is a permanent condition that can have a devastating impact on academic performance, it is one of the leading [&hellip;]<\/p>\n","protected":false},"author":1,"featured_media":0,"parent":17343,"menu_order":39,"comment_status":"closed","ping_status":"closed","template":"elementor_header_footer","meta":{"_acf_changed":false,"site-sidebar-layout":"no-sidebar","site-content-layout":"","ast-site-content-layout":"full-width-container","site-content-style":"unboxed","site-sidebar-style":"default","ast-global-header-display":"","ast-banner-title-visibility":"","ast-main-header-display":"","ast-hfb-above-header-display":"","ast-hfb-below-header-display":"","ast-hfb-mobile-header-display":"","site-post-title":"disabled","ast-breadcrumbs-content":"","ast-featured-img":"disabled","footer-sml-layout":"","theme-transparent-header-meta":"enabled","adv-header-id-meta":"","stick-header-meta":"default","header-above-stick-meta":"","header-main-stick-meta":"","header-below-stick-meta":"","astra-migrate-meta-layouts":"set","ast-page-background-enabled":"default","ast-page-background-meta":{"desktop":{"background-color":"var(--ast-global-color-4)","background-image":"","background-repeat":"repeat","background-position":"center center","background-size":"auto","background-attachment":"scroll","background-type":"","background-media":"","overlay-type":"","overlay-color":"","overlay-opacity":"","overlay-gradient":""},"tablet":{"background-color":"","background-image":"","background-repeat":"repeat","background-position":"center center","background-size":"auto","background-attachment":"scroll","background-type":"","background-media":"","overlay-type":"","overlay-color":"","overlay-opacity":"","overlay-gradient":""},"mobile":{"background-color":"","background-image":"","background-repeat":"repeat","background-position":"center center","background-size":"auto","background-attachment":"scroll","background-type":"","background-media":"","overlay-type":"","overlay-color":"","overlay-opacity":"","overlay-gradient":""}},"ast-content-background-meta":{"desktop":{"background-color":"var(--ast-global-color-5)","background-image":"","background-repeat":"repeat","background-position":"center center","background-size":"auto","background-attachment":"scroll","background-type":"","background-media":"","overlay-type":"","overlay-color":"","overlay-opacity":"","overlay-gradient":""},"tablet":{"background-color":"var(--ast-global-color-5)","background-image":"","background-repeat":"repeat","background-position":"center center","background-size":"auto","background-attachment":"scroll","background-type":"","background-media":"","overlay-type":"","overlay-color":"","overlay-opacity":"","overlay-gradient":""},"mobile":{"background-color":"var(--ast-global-color-5)","background-image":"","background-repeat":"repeat","background-position":"center center","background-size":"auto","background-attachment":"scroll","background-type":"","background-media":"","overlay-type":"","overlay-color":"","overlay-opacity":"","overlay-gradient":""}},"footnotes":""},"class_list":["post-17391","page","type-page","status-publish","hentry"],"acf":[],"yoast_head":"<!-- This site is optimized with the Yoast SEO plugin v26.2 - https:\/\/yoast.com\/wordpress\/plugins\/seo\/ -->\n<title>Dyslexia | Understanding the Reading Disorder | Centam<\/title>\n<meta name=\"description\" content=\"Understand what dyslexia is, how dyslexia symptoms affect reading fluency, and when a neuropsychological evaluation may be recommended. Learn more at Centam.\" \/>\n<meta name=\"robots\" content=\"index, follow, max-snippet:-1, max-image-preview:large, max-video-preview:-1\" \/>\n<link rel=\"canonical\" href=\"https:\/\/centam.ca\/en\/learning-disability\/dyslexia\/\" \/>\n<meta property=\"og:locale\" content=\"en_US\" \/>\n<meta property=\"og:type\" content=\"article\" \/>\n<meta property=\"og:title\" content=\"Dyslexia | Understanding the Reading Disorder | Centam\" \/>\n<meta property=\"og:description\" content=\"Understand what dyslexia is, how dyslexia symptoms affect reading fluency, and when a neuropsychological evaluation may be recommended. Learn more at Centam.\" \/>\n<meta property=\"og:url\" content=\"https:\/\/centam.ca\/en\/learning-disability\/dyslexia\/\" \/>\n<meta property=\"og:site_name\" content=\"CENTAM\" \/>\n<meta property=\"article:modified_time\" content=\"2026-03-25T15:17:29+00:00\" \/>\n<meta name=\"twitter:card\" content=\"summary_large_image\" \/>\n<meta name=\"twitter:label1\" content=\"Est. reading time\" \/>\n\t<meta name=\"twitter:data1\" content=\"4 minutes\" \/>\n<!-- \/ Yoast SEO plugin. -->","yoast_head_json":{"title":"Dyslexia | Understanding the Reading Disorder | Centam","description":"Understand what dyslexia is, how dyslexia symptoms affect reading fluency, and when a neuropsychological evaluation may be recommended. Learn more at Centam.","robots":{"index":"index","follow":"follow","max-snippet":"max-snippet:-1","max-image-preview":"max-image-preview:large","max-video-preview":"max-video-preview:-1"},"canonical":"https:\/\/centam.ca\/en\/learning-disability\/dyslexia\/","og_locale":"en_US","og_type":"article","og_title":"Dyslexia | Understanding the Reading Disorder | Centam","og_description":"Understand what dyslexia is, how dyslexia symptoms affect reading fluency, and when a neuropsychological evaluation may be recommended. Learn more at Centam.","og_url":"https:\/\/centam.ca\/en\/learning-disability\/dyslexia\/","og_site_name":"CENTAM","article_modified_time":"2026-03-25T15:17:29+00:00","twitter_card":"summary_large_image","twitter_misc":{"Est. reading time":"4 minutes"},"schema":{"@context":"https:\/\/schema.org","@graph":[{"@type":"WebPage","@id":"https:\/\/centam.ca\/en\/learning-disability\/dyslexia\/","url":"https:\/\/centam.ca\/en\/learning-disability\/dyslexia\/","name":"Dyslexia | Understanding the Reading Disorder | Centam","isPartOf":{"@id":"https:\/\/centam.ca\/en\/#website"},"datePublished":"2024-07-17T01:33:34+00:00","dateModified":"2026-03-25T15:17:29+00:00","description":"Understand what dyslexia is, how dyslexia symptoms affect reading fluency, and when a neuropsychological evaluation may be recommended. Learn more at Centam.","breadcrumb":{"@id":"https:\/\/centam.ca\/en\/learning-disability\/dyslexia\/#breadcrumb"},"inLanguage":"en-US","potentialAction":[{"@type":"ReadAction","target":["https:\/\/centam.ca\/en\/learning-disability\/dyslexia\/"]}]},{"@type":"BreadcrumbList","@id":"https:\/\/centam.ca\/en\/learning-disability\/dyslexia\/#breadcrumb","itemListElement":[{"@type":"ListItem","position":1,"name":"What is a Learning Disability?","item":"https:\/\/centam.ca\/en\/learning-disability\/"},{"@type":"ListItem","position":2,"name":"Dyslexia"}]},{"@type":"WebSite","@id":"https:\/\/centam.ca\/en\/#website","url":"https:\/\/centam.ca\/en\/","name":"Clinique d'\u00e9valuation neuropsychologique et des troubles d'apprentissage de Montr\u00e9al","description":"Clinique d&#039;\u00e9valuation neuropsychologique et des troubles d&#039;apprentissage de Montr\u00e9al","publisher":{"@id":"https:\/\/centam.ca\/en\/#organization"},"alternateName":"CENTAM","potentialAction":[{"@type":"SearchAction","target":{"@type":"EntryPoint","urlTemplate":"https:\/\/centam.ca\/en\/?s={search_term_string}"},"query-input":{"@type":"PropertyValueSpecification","valueRequired":true,"valueName":"search_term_string"}}],"inLanguage":"en-US"},{"@type":"Organization","@id":"https:\/\/centam.ca\/en\/#organization","name":"CENTAM","url":"https:\/\/centam.ca\/en\/","logo":{"@type":"ImageObject","inLanguage":"en-US","@id":"https:\/\/centam.ca\/en\/#\/schema\/logo\/image\/","url":"https:\/\/centam.ca\/wp-content\/uploads\/2025\/02\/logo_centam.png","contentUrl":"https:\/\/centam.ca\/wp-content\/uploads\/2025\/02\/logo_centam.png","width":1000,"height":310,"caption":"CENTAM"},"image":{"@id":"https:\/\/centam.ca\/en\/#\/schema\/logo\/image\/"}}]}},"_links":{"self":[{"href":"https:\/\/centam.ca\/en\/wp-json\/wp\/v2\/pages\/17391","targetHints":{"allow":["GET"]}}],"collection":[{"href":"https:\/\/centam.ca\/en\/wp-json\/wp\/v2\/pages"}],"about":[{"href":"https:\/\/centam.ca\/en\/wp-json\/wp\/v2\/types\/page"}],"author":[{"embeddable":true,"href":"https:\/\/centam.ca\/en\/wp-json\/wp\/v2\/users\/1"}],"replies":[{"embeddable":true,"href":"https:\/\/centam.ca\/en\/wp-json\/wp\/v2\/comments?post=17391"}],"version-history":[{"count":10,"href":"https:\/\/centam.ca\/en\/wp-json\/wp\/v2\/pages\/17391\/revisions"}],"predecessor-version":[{"id":19526,"href":"https:\/\/centam.ca\/en\/wp-json\/wp\/v2\/pages\/17391\/revisions\/19526"}],"up":[{"embeddable":true,"href":"https:\/\/centam.ca\/en\/wp-json\/wp\/v2\/pages\/17343"}],"wp:attachment":[{"href":"https:\/\/centam.ca\/en\/wp-json\/wp\/v2\/media?parent=17391"}],"curies":[{"name":"wp","href":"https:\/\/api.w.org\/{rel}","templated":true}]}}