{"id":17248,"date":"2025-02-11T18:16:58","date_gmt":"2025-02-11T18:16:58","guid":{"rendered":"https:\/\/centam.ardecom.com\/?page_id=17248"},"modified":"2026-02-16T16:24:34","modified_gmt":"2026-02-16T16:24:34","slug":"services","status":"publish","type":"page","link":"https:\/\/centam.ca\/en\/services\/","title":{"rendered":"Services"},"content":{"rendered":"","protected":false},"excerpt":{"rendered":"","protected":false},"author":1,"featured_media":0,"parent":0,"menu_order":0,"comment_status":"closed","ping_status":"closed","template":"","meta":{"_acf_changed":false,"site-sidebar-layout":"default","site-content-layout":"","ast-site-content-layout":"default","site-content-style":"default","site-sidebar-style":"default","ast-global-header-display":"","ast-banner-title-visibility":"","ast-main-header-display":"","ast-hfb-above-header-display":"","ast-hfb-below-header-display":"","ast-hfb-mobile-header-display":"","site-post-title":"","ast-breadcrumbs-content":"","ast-featured-img":"","footer-sml-layout":"","theme-transparent-header-meta":"default","adv-header-id-meta":"","stick-header-meta":"default","header-above-stick-meta":"","header-main-stick-meta":"","header-below-stick-meta":"","astra-migrate-meta-layouts":"set","ast-page-background-enabled":"default","ast-page-background-meta":{"desktop":{"background-color":"var(--ast-global-color-4)","background-image":"","background-repeat":"repeat","background-position":"center center","background-size":"auto","background-attachment":"scroll","background-type":"","background-media":"","overlay-type":"","overlay-color":"","overlay-opacity":"","overlay-gradient":""},"tablet":{"background-color":"","background-image":"","background-repeat":"repeat","background-position":"center center","background-size":"auto","background-attachment":"scroll","background-type":"","background-media":"","overlay-type":"","overlay-color":"","overlay-opacity":"","overlay-gradient":""},"mobile":{"background-color":"","background-image":"","background-repeat":"repeat","background-position":"center center","background-size":"auto","background-attachment":"scroll","background-type":"","background-media":"","overlay-type":"","overlay-color":"","overlay-opacity":"","overlay-gradient":""}},"ast-content-background-meta":{"desktop":{"background-color":"var(--ast-global-color-5)","background-image":"","background-repeat":"repeat","background-position":"center center","background-size":"auto","background-attachment":"scroll","background-type":"","background-media":"","overlay-type":"","overlay-color":"","overlay-opacity":"","overlay-gradient":""},"tablet":{"background-color":"var(--ast-global-color-5)","background-image":"","background-repeat":"repeat","background-position":"center center","background-size":"auto","background-attachment":"scroll","background-type":"","background-media":"","overlay-type":"","overlay-color":"","overlay-opacity":"","overlay-gradient":""},"mobile":{"background-color":"var(--ast-global-color-5)","background-image":"","background-repeat":"repeat","background-position":"center center","background-size":"auto","background-attachment":"scroll","background-type":"","background-media":"","overlay-type":"","overlay-color":"","overlay-opacity":"","overlay-gradient":""}},"footnotes":""},"class_list":["post-17248","page","type-page","status-publish","hentry"],"acf":[],"yoast_head":"<!-- This site is optimized with the Yoast SEO plugin v26.2 - https:\/\/yoast.com\/wordpress\/plugins\/seo\/ -->\n<title>Assessment Services | Neuropsychologist In Montreal | CENTAM<\/title>\n<meta name=\"description\" content=\"Discover neuropsychological assessment services with a neuropsychologist in Montreal for children and adults. Contact our clinic for more information today.\" \/>\n<meta name=\"robots\" content=\"index, follow, max-snippet:-1, max-image-preview:large, max-video-preview:-1\" \/>\n<link rel=\"canonical\" href=\"https:\/\/centam.ca\/en\/services\/\" \/>\n<meta property=\"og:locale\" content=\"en_US\" \/>\n<meta property=\"og:type\" content=\"article\" \/>\n<meta property=\"og:title\" content=\"Assessment Services | Neuropsychologist In Montreal | CENTAM\" \/>\n<meta property=\"og:description\" content=\"Discover neuropsychological assessment services with a neuropsychologist in Montreal for children and adults. Contact our clinic for more information today.\" \/>\n<meta property=\"og:url\" content=\"https:\/\/centam.ca\/en\/services\/\" \/>\n<meta property=\"og:site_name\" content=\"CENTAM\" \/>\n<meta property=\"article:modified_time\" content=\"2026-02-16T16:24:34+00:00\" \/>\n<meta name=\"twitter:card\" content=\"summary_large_image\" \/>\n<!-- \/ Yoast SEO plugin. -->","yoast_head_json":{"title":"Assessment Services | Neuropsychologist In Montreal | CENTAM","description":"Discover neuropsychological assessment services with a neuropsychologist in Montreal for children and adults. Contact our clinic for more information today.","robots":{"index":"index","follow":"follow","max-snippet":"max-snippet:-1","max-image-preview":"max-image-preview:large","max-video-preview":"max-video-preview:-1"},"canonical":"https:\/\/centam.ca\/en\/services\/","og_locale":"en_US","og_type":"article","og_title":"Assessment Services | Neuropsychologist In Montreal | CENTAM","og_description":"Discover neuropsychological assessment services with a neuropsychologist in Montreal for children and adults. Contact our clinic for more information today.","og_url":"https:\/\/centam.ca\/en\/services\/","og_site_name":"CENTAM","article_modified_time":"2026-02-16T16:24:34+00:00","twitter_card":"summary_large_image","schema":{"@context":"https:\/\/schema.org","@graph":[{"@type":"WebPage","@id":"https:\/\/centam.ca\/en\/services\/","url":"https:\/\/centam.ca\/en\/services\/","name":"Assessment Services | Neuropsychologist In Montreal | CENTAM","isPartOf":{"@id":"https:\/\/centam.ca\/en\/#website"},"datePublished":"2025-02-11T18:16:58+00:00","dateModified":"2026-02-16T16:24:34+00:00","description":"Discover neuropsychological assessment services with a neuropsychologist in Montreal for children and adults. Contact our clinic for more information today.","inLanguage":"en-US","potentialAction":[{"@type":"ReadAction","target":["https:\/\/centam.ca\/en\/services\/"]}]},{"@type":"WebSite","@id":"https:\/\/centam.ca\/en\/#website","url":"https:\/\/centam.ca\/en\/","name":"Clinique d'\u00e9valuation neuropsychologique et des troubles d'apprentissage de Montr\u00e9al","description":"Clinique d&#039;\u00e9valuation neuropsychologique et des troubles d&#039;apprentissage de Montr\u00e9al","publisher":{"@id":"https:\/\/centam.ca\/en\/#organization"},"alternateName":"CENTAM","potentialAction":[{"@type":"SearchAction","target":{"@type":"EntryPoint","urlTemplate":"https:\/\/centam.ca\/en\/?s={search_term_string}"},"query-input":{"@type":"PropertyValueSpecification","valueRequired":true,"valueName":"search_term_string"}}],"inLanguage":"en-US"},{"@type":"Organization","@id":"https:\/\/centam.ca\/en\/#organization","name":"CENTAM","url":"https:\/\/centam.ca\/en\/","logo":{"@type":"ImageObject","inLanguage":"en-US","@id":"https:\/\/centam.ca\/en\/#\/schema\/logo\/image\/","url":"https:\/\/centam.ca\/wp-content\/uploads\/2025\/02\/logo_centam.png","contentUrl":"https:\/\/centam.ca\/wp-content\/uploads\/2025\/02\/logo_centam.png","width":1000,"height":310,"caption":"CENTAM"},"image":{"@id":"https:\/\/centam.ca\/en\/#\/schema\/logo\/image\/"}}]}},"_links":{"self":[{"href":"https:\/\/centam.ca\/en\/wp-json\/wp\/v2\/pages\/17248","targetHints":{"allow":["GET"]}}],"collection":[{"href":"https:\/\/centam.ca\/en\/wp-json\/wp\/v2\/pages"}],"about":[{"href":"https:\/\/centam.ca\/en\/wp-json\/wp\/v2\/types\/page"}],"author":[{"embeddable":true,"href":"https:\/\/centam.ca\/en\/wp-json\/wp\/v2\/users\/1"}],"replies":[{"embeddable":true,"href":"https:\/\/centam.ca\/en\/wp-json\/wp\/v2\/comments?post=17248"}],"version-history":[{"count":1,"href":"https:\/\/centam.ca\/en\/wp-json\/wp\/v2\/pages\/17248\/revisions"}],"predecessor-version":[{"id":17249,"href":"https:\/\/centam.ca\/en\/wp-json\/wp\/v2\/pages\/17248\/revisions\/17249"}],"wp:attachment":[{"href":"https:\/\/centam.ca\/en\/wp-json\/wp\/v2\/media?parent=17248"}],"curies":[{"name":"wp","href":"https:\/\/api.w.org\/{rel}","templated":true}]}}